{"id":16,"date":"2019-11-03T16:00:29","date_gmt":"2019-11-03T16:00:29","guid":{"rendered":"http:\/\/www.yuibentotest.ch\/?page_id=16"},"modified":"2019-11-09T16:57:30","modified_gmt":"2019-11-09T16:57:30","slug":"come-visit-us","status":"publish","type":"page","link":"https:\/\/www.yuibento.ch\/?page_id=16","title":{"rendered":"\u00dcBER MICH"},"content":{"rendered":"<p><img loading=\"lazy\" decoding=\"async\" class=\"size-medium wp-image-66 aligncenter\" src=\"http:\/\/www.yuibentotest.ch\/wp-content\/uploads\/2019\/11\/yuko3-213x300.jpg\" alt=\"\" width=\"213\" height=\"300\" \/><\/p>\n<p><img loading=\"lazy\" decoding=\"async\" class=\"size-medium wp-image-270 aligncenter\" src=\"https:\/\/www.yuibento.ch\/wp-content\/uploads\/2019\/11\/yuko3-213x300.jpg\" alt=\"\" width=\"213\" height=\"300\" srcset=\"https:\/\/www.yuibento.ch\/wp-content\/uploads\/2019\/11\/yuko3-213x300.jpg 213w, https:\/\/www.yuibento.ch\/wp-content\/uploads\/2019\/11\/yuko3-768x1080.jpg 768w, https:\/\/www.yuibento.ch\/wp-content\/uploads\/2019\/11\/yuko3-728x1024.jpg 728w, https:\/\/www.yuibento.ch\/wp-content\/uploads\/2019\/11\/yuko3-612x861.jpg 612w, https:\/\/www.yuibento.ch\/wp-content\/uploads\/2019\/11\/yuko3-1224x1722.jpg 1224w, https:\/\/www.yuibento.ch\/wp-content\/uploads\/2019\/11\/yuko3-936x1317.jpg 936w, https:\/\/www.yuibento.ch\/wp-content\/uploads\/2019\/11\/yuko3-720x1013.jpg 720w, https:\/\/www.yuibento.ch\/wp-content\/uploads\/2019\/11\/yuko3.jpg 1225w\" sizes=\"auto, (max-width: 213px) 100vw, 213px\" \/><\/p>\n<p><span id=\"result_box\" class=\"\" lang=\"de\"><span class=\"\">I<\/span><\/span><span id=\"result_box\" class=\"\" lang=\"de\"><span class=\"\">ch bin seit 2004<\/span> in der Schweiz<\/span><span id=\"result_box\" class=\"\" lang=\"de\"> und lebe mit meinem Mann und den zwei Kindern in Egg.<br \/>\n<\/span><\/p>\n<p><span id=\"result_box\" class=\"\" lang=\"de\">Meine Mutter, die mit meinem Vater in Osaka, Japan lebt, ist eine leidenschaftliche K\u00f6chin und ich war schon in meiner Kindheit davon fasziniert<br \/>\n<\/span><span id=\"result_box\" class=\"\" lang=\"de\">und habe meiner Mutter <\/span><span id=\"result_box\" class=\"\" lang=\"de\">gerne<\/span><span id=\"result_box\" class=\"\" lang=\"de\"> in der K\u00fcche geholfen.<br \/>\n<\/span><\/p>\n<p><span class=\"\" lang=\"de\">Schon w\u00e4hrend der Schulzeit habe ich als Jugendliche in Caf\u00e9s und Restaurants gearbeitet.<br \/>\nIch liebe das Schweizer Essen, aber trotzdem bleiben die Erinnerungen an meine Kindheit mit den japanischen Gerichten bestehen.<br \/>\n<\/span><\/p>\n<p><span class=\"\" lang=\"de\">Das einfache Essen, trotzdem gesund und geschmackvoll sowie liebevoll angerichtet, soll die Menschen gl\u00fccklich<br \/>\nmachen und f\u00fcr einen Moment das Leben geniessen lassen. <\/span><\/p>\n","protected":false},"excerpt":{"rendered":"<p>Ich bin seit 2004 in der Schweiz und lebe mit meinem Mann und den zwei Kindern in Egg. Meine Mutter, die mit meinem Vater in Osaka, Japan lebt, ist eine leidenschaftliche K\u00f6chin und ich war schon in meiner Kindheit davon fasziniert und habe meiner Mutter gerne in der K\u00fcche geholfen. Schon w\u00e4hrend der Schulzeit habe&#8230; <a href=\"https:\/\/www.yuibento.ch\/?page_id=16\">Continue reading <span class=\"screen-reader-text\">&#8222;\u00dcBER MICH&#8220;<\/span><\/a><\/p>\n","protected":false},"author":2,"featured_media":0,"parent":12,"menu_order":0,"comment_status":"closed","ping_status":"closed","template":"templates\/centered.php","meta":{"footnotes":""},"class_list":["post-16","page","type-page","status-publish","hentry"],"_links":{"self":[{"href":"https:\/\/www.yuibento.ch\/index.php?rest_route=\/wp\/v2\/pages\/16","targetHints":{"allow":["GET"]}}],"collection":[{"href":"https:\/\/www.yuibento.ch\/index.php?rest_route=\/wp\/v2\/pages"}],"about":[{"href":"https:\/\/www.yuibento.ch\/index.php?rest_route=\/wp\/v2\/types\/page"}],"author":[{"embeddable":true,"href":"https:\/\/www.yuibento.ch\/index.php?rest_route=\/wp\/v2\/users\/2"}],"replies":[{"embeddable":true,"href":"https:\/\/www.yuibento.ch\/index.php?rest_route=%2Fwp%2Fv2%2Fcomments&post=16"}],"version-history":[{"count":1,"href":"https:\/\/www.yuibento.ch\/index.php?rest_route=\/wp\/v2\/pages\/16\/revisions"}],"predecessor-version":[{"id":337,"href":"https:\/\/www.yuibento.ch\/index.php?rest_route=\/wp\/v2\/pages\/16\/revisions\/337"}],"up":[{"embeddable":true,"href":"https:\/\/www.yuibento.ch\/index.php?rest_route=\/wp\/v2\/pages\/12"}],"wp:attachment":[{"href":"https:\/\/www.yuibento.ch\/index.php?rest_route=%2Fwp%2Fv2%2Fmedia&parent=16"}],"curies":[{"name":"wp","href":"https:\/\/api.w.org\/{rel}","templated":true}]}}