{"id":14,"date":"2019-11-03T16:00:29","date_gmt":"2019-11-03T16:00:29","guid":{"rendered":"http:\/\/www.yuibentotest.ch\/?page_id=14"},"modified":"2024-01-31T17:51:15","modified_gmt":"2024-01-31T17:51:15","slug":"finest-coffee","status":"publish","type":"page","link":"https:\/\/www.yuibento.ch\/?page_id=14","title":{"rendered":"BENTO der Woche"},"content":{"rendered":"\n<p class=\"has-text-align-center\"> <\/p>\n\n\n\n<p>Liebe Yuibento-Freunde<\/p>\n\n\n\n<p>auf Grund anderweitiger Verpflichtungen und Aufgaben ist es mir aus zeitlichen Gr\u00fcnden nicht mehr m\u00f6glich<br>Yuibento im Moment in der aktuellen Form weiter zu betreiben.<br>Yuibento wird deshalb ab Februar bis sicherlich Ende 2024 nicht mehr f\u00fcr Euch da sein k\u00f6nnen.<\/p>\n\n\n\n<p>F\u00fcr besondere oder einmalige Anl\u00e4sse kann falls gew\u00fcnscht eine Anfrage gemacht werden, welche nach M\u00f6glichkeit<br>ausgef\u00fchrt werden kann.<\/p>\n\n\n\n<p>Vielen Dank f\u00fcr Euer Verst\u00e4ndnisund und alles Gute.<\/p>\n\n\n\n<p class=\"has-text-align-center\"><\/p>\n\n\n\n<p class=\"has-text-align-center\"><\/p>\n\n\n\n<p class=\"has-text-align-center has-black-color has-text-color\"> <strong><mark style=\"background-color:rgba(0, 0, 0, 0)\" class=\"has-inline-color has-vivid-red-color\">Fleisch Bento<\/mark><\/strong> : <\/p>\n\n\n\n<p class=\"has-text-align-center\"><strong><mark style=\"background-color:rgba(0, 0, 0, 0)\" class=\"has-inline-color has-vivid-green-cyan-color\">Gem\u00fcse Bento<\/mark><\/strong> : <\/p>\n\n\n\n<p class=\"has-text-align-center\"><strong>Beilage<\/strong> : <\/p>\n\n\n\n<p class=\"has-text-align-center\"><\/p>\n\n\n\n<p class=\"has-text-align-center\"><\/p>\n\n\n\n<p class=\"has-text-align-center\"><\/p>\n\n\n\n<p class=\"has-text-align-center\"><\/p>\n\n\n\n<p class=\"has-text-align-center\"><\/p>\n\n\n\n<p class=\"has-text-align-center\"><\/p>\n\n\n\n<p class=\"has-text-align-center\"><\/p>\n\n\n\n<p class=\"has-text-align-center\"><\/p>\n\n\n\n<p class=\"has-text-align-center\"><\/p>\n\n\n\n<p class=\"has-text-align-center\"><\/p>\n\n\n\n<p class=\"has-text-align-center\"><\/p>\n\n\n\n<p class=\"has-text-align-center\"><\/p>\n\n\n\n<p class=\"has-text-align-center\"><\/p>\n\n\n<p style=\"text-align: center;\">\n<p style=\"text-align: center;\"><span style=\"color: #ff0000;\">&nbsp;<\/span><\/p>\n\n\n<p><\/p>\n","protected":false},"excerpt":{"rendered":"<p>Liebe Yuibento-Freunde auf Grund anderweitiger Verpflichtungen und Aufgaben ist es mir aus zeitlichen Gr\u00fcnden nicht mehr m\u00f6glichYuibento im Moment in der aktuellen Form weiter zu betreiben.Yuibento wird deshalb ab Februar bis sicherlich Ende 2024 nicht mehr f\u00fcr Euch da sein k\u00f6nnen. F\u00fcr besondere oder einmalige Anl\u00e4sse kann falls gew\u00fcnscht eine Anfrage gemacht werden, welche nach&#8230; <a href=\"https:\/\/www.yuibento.ch\/?page_id=14\">Continue reading <span class=\"screen-reader-text\">&#8222;BENTO der Woche&#8220;<\/span><\/a><\/p>\n","protected":false},"author":2,"featured_media":338,"parent":12,"menu_order":0,"comment_status":"closed","ping_status":"closed","template":"templates\/fullwidth.php","meta":{"footnotes":""},"class_list":["post-14","page","type-page","status-publish","has-post-thumbnail","hentry"],"_links":{"self":[{"href":"https:\/\/www.yuibento.ch\/index.php?rest_route=\/wp\/v2\/pages\/14","targetHints":{"allow":["GET"]}}],"collection":[{"href":"https:\/\/www.yuibento.ch\/index.php?rest_route=\/wp\/v2\/pages"}],"about":[{"href":"https:\/\/www.yuibento.ch\/index.php?rest_route=\/wp\/v2\/types\/page"}],"author":[{"embeddable":true,"href":"https:\/\/www.yuibento.ch\/index.php?rest_route=\/wp\/v2\/users\/2"}],"replies":[{"embeddable":true,"href":"https:\/\/www.yuibento.ch\/index.php?rest_route=%2Fwp%2Fv2%2Fcomments&post=14"}],"version-history":[{"count":192,"href":"https:\/\/www.yuibento.ch\/index.php?rest_route=\/wp\/v2\/pages\/14\/revisions"}],"predecessor-version":[{"id":759,"href":"https:\/\/www.yuibento.ch\/index.php?rest_route=\/wp\/v2\/pages\/14\/revisions\/759"}],"up":[{"embeddable":true,"href":"https:\/\/www.yuibento.ch\/index.php?rest_route=\/wp\/v2\/pages\/12"}],"wp:featuredmedia":[{"embeddable":true,"href":"https:\/\/www.yuibento.ch\/index.php?rest_route=\/wp\/v2\/media\/338"}],"wp:attachment":[{"href":"https:\/\/www.yuibento.ch\/index.php?rest_route=%2Fwp%2Fv2%2Fmedia&parent=14"}],"curies":[{"name":"wp","href":"https:\/\/api.w.org\/{rel}","templated":true}]}}