{"id":13,"date":"2019-11-03T16:00:29","date_gmt":"2019-11-03T16:00:29","guid":{"rendered":"http:\/\/www.yuibentotest.ch\/?page_id=13"},"modified":"2022-01-17T18:14:37","modified_gmt":"2022-01-17T18:14:37","slug":"menu","status":"publish","type":"page","link":"https:\/\/www.yuibento.ch\/?page_id=13","title":{"rendered":"Men\u00fc &#038; Bestellung"},"content":{"rendered":"\n<p class=\"has-very-light-gray-color has-vivid-red-background-color has-text-color has-background\">Weiter m\u00f6chte ich Euch bitten die folgenden weitern Abl\u00e4ufe zu ber\u00fccksichtigen : <\/p>\n\n\n\n<p><strong><span class=\"has-inline-color has-vivid-red-color\">&#8211; Zahlungen wenn immer m\u00f6glich \u00fcber Twint oder Banktransfer<\/span><\/strong><\/p>\n\n\n\n<p><strong><span class=\"has-inline-color has-vivid-red-color\">&#8211; Bento-Box wird im Milchkasten deponiert<\/span><\/strong><\/p>\n\n\n\n<p><span class=\"has-inline-color has-vivid-red-color\"><strong>&#8211; Bestellungen bitte jeweils am Vortag bis sp\u00e4testens 18:00 Uhr mit Bestellformular<\/strong><\/span><\/p>\n\n\n\n<p><\/p>\n\n\n<p><img loading=\"lazy\" decoding=\"async\" class=\"size-medium wp-image-317 alignleft\" src=\"https:\/\/www.yuibento.ch\/wp-content\/uploads\/2019\/11\/IMG_20190527_102515-225x300.jpg\" alt=\"\" width=\"225\" height=\"300\" srcset=\"https:\/\/www.yuibento.ch\/wp-content\/uploads\/2019\/11\/IMG_20190527_102515-225x300.jpg 225w, https:\/\/www.yuibento.ch\/wp-content\/uploads\/2019\/11\/IMG_20190527_102515-768x1024.jpg 768w, https:\/\/www.yuibento.ch\/wp-content\/uploads\/2019\/11\/IMG_20190527_102515-612x816.jpg 612w, https:\/\/www.yuibento.ch\/wp-content\/uploads\/2019\/11\/IMG_20190527_102515-1224x1632.jpg 1224w, https:\/\/www.yuibento.ch\/wp-content\/uploads\/2019\/11\/IMG_20190527_102515-936x1248.jpg 936w, https:\/\/www.yuibento.ch\/wp-content\/uploads\/2019\/11\/IMG_20190527_102515-1872x2496.jpg 1872w, https:\/\/www.yuibento.ch\/wp-content\/uploads\/2019\/11\/IMG_20190527_102515-1440x1920.jpg 1440w, https:\/\/www.yuibento.ch\/wp-content\/uploads\/2019\/11\/IMG_20190527_102515-720x960.jpg 720w\" sizes=\"auto, (max-width: 225px) 100vw, 225px\" \/><\/p>\n<p style=\"padding-left: 80px;\"><strong>Fleisch Bento <\/strong><br \/>CHF 15.-<\/p>\n<p>Das Men\u00fc ( f\u00fcr 1 erwachsene Person ) beinhaltet :<\/p>\n<ul>\n<li>Reis ( Gohan )<\/li>\n<li>Fleisch ( Tori no Karaage &#8211; frittierte Poulet- St\u00fccke)<\/li>\n<li>Japanische Omlette ( Tamagoyaki )<\/li>\n<li>Kefen mit Sesam ( Kinusaya no Gomaitame )<\/li>\n<li>marinierte Zucchini ( Zucchini no marine )<\/li>\n<li>Chinakohl-Apfel Salat ( Hakusai to Ringo no Salad )<\/li>\n<li>Minitomate<\/li>\n<\/ul>\n<p><img loading=\"lazy\" decoding=\"async\" class=\"size-medium wp-image-264 alignleft\" src=\"https:\/\/www.yuibento.ch\/wp-content\/uploads\/2019\/11\/IMG_20180611_102717-225x300.jpg\" alt=\"\" width=\"225\" height=\"300\" srcset=\"https:\/\/www.yuibento.ch\/wp-content\/uploads\/2019\/11\/IMG_20180611_102717-225x300.jpg 225w, https:\/\/www.yuibento.ch\/wp-content\/uploads\/2019\/11\/IMG_20180611_102717-768x1024.jpg 768w, https:\/\/www.yuibento.ch\/wp-content\/uploads\/2019\/11\/IMG_20180611_102717-612x816.jpg 612w, https:\/\/www.yuibento.ch\/wp-content\/uploads\/2019\/11\/IMG_20180611_102717-1224x1632.jpg 1224w, https:\/\/www.yuibento.ch\/wp-content\/uploads\/2019\/11\/IMG_20180611_102717-936x1248.jpg 936w, https:\/\/www.yuibento.ch\/wp-content\/uploads\/2019\/11\/IMG_20180611_102717-1872x2496.jpg 1872w, https:\/\/www.yuibento.ch\/wp-content\/uploads\/2019\/11\/IMG_20180611_102717-1440x1920.jpg 1440w, https:\/\/www.yuibento.ch\/wp-content\/uploads\/2019\/11\/IMG_20180611_102717-720x960.jpg 720w\" sizes=\"auto, (max-width: 225px) 100vw, 225px\" \/><\/p>\n<p><strong>Gem\u00fcse Bento <\/strong><br \/>CHF 15.-<\/p>\n<p>Das Men\u00fc ( f\u00fcr 1 erwachsene Person ) beinhaltet :<\/p>\n<ul>\n<li>Reis ( Gohan )<\/li>\n<li>Gem\u00fcse Tempura( Yasai no Tempura )<\/li>\n<li>gekochte Eier ( Yudetamago )<\/li>\n<li>Karotten Salat ( Potato Salad )<\/li>\n<li>gebratene Vermicelli mit Gem\u00fcse<br \/>( Harusame Itame )<\/li>\n<li>Karotten mit Sesam ( Ninjin no Kinpira )<\/li>\n<li>Minitomate<\/li>\n<\/ul>\n<p style=\"text-align: center;\"><em><span style=\"color: #000000;\"><br \/>Japanerinnen und Japaner essen Bento kalt. ( Zimmertemperatur! )<\/span><\/em><em><span style=\"color: #000000;\">Man kann es jedoch\u00a0 wenn gew\u00fcnscht im Beh\u00e4lter in der Mikrowelle<\/span><\/em><em><span style=\"color: #000000;\">( 700W, 1 Minute )\u00a0 erw\u00e4rmen.<\/span><\/em><\/p>\n<p style=\"text-align: center;\"><span style=\"color: #000000;\">Die Zusammensetzung variiert t\u00e4glich und kann saisonal abh\u00e4ngig sein.<\/span><\/p>\n<p>\u00a0<\/p>\n<p style=\"text-align: center;\"><strong data-rich-text-format-boundary=\"true\">\u00a0<\/strong><\/p>\n<p>\u00a0<img loading=\"lazy\" decoding=\"async\" class=\"size-medium wp-image-320 alignleft\" src=\"https:\/\/www.yuibento.ch\/wp-content\/uploads\/2019\/11\/IMG_6432_1-300x200.jpg\" alt=\"\" width=\"300\" height=\"200\" srcset=\"https:\/\/www.yuibento.ch\/wp-content\/uploads\/2019\/11\/IMG_6432_1-300x200.jpg 300w, https:\/\/www.yuibento.ch\/wp-content\/uploads\/2019\/11\/IMG_6432_1-768x512.jpg 768w, https:\/\/www.yuibento.ch\/wp-content\/uploads\/2019\/11\/IMG_6432_1-612x408.jpg 612w, https:\/\/www.yuibento.ch\/wp-content\/uploads\/2019\/11\/IMG_6432_1-720x480.jpg 720w, https:\/\/www.yuibento.ch\/wp-content\/uploads\/2019\/11\/IMG_6432_1.jpg 800w\" sizes=\"auto, (max-width: 300px) 100vw, 300px\" \/> <strong>Onigirazu (Reis Sandwich) <\/strong><br \/>CHF 6.-<\/p>\n<ul>\n<li>Reis ( Gohan )<\/li>\n<li>Rindhachfleisch mit salzig-s\u00fcsser Soja Sauce<\/li>\n<li>Gurke<\/li>\n<li>Ei<\/li>\n<\/ul>\n<p><img loading=\"lazy\" decoding=\"async\" class=\"size-medium wp-image-321 alignleft\" src=\"https:\/\/www.yuibento.ch\/wp-content\/uploads\/2019\/11\/IMG_6439_1-300x200.png\" alt=\"\" width=\"300\" height=\"200\" srcset=\"https:\/\/www.yuibento.ch\/wp-content\/uploads\/2019\/11\/IMG_6439_1-300x200.png 300w, https:\/\/www.yuibento.ch\/wp-content\/uploads\/2019\/11\/IMG_6439_1-768x512.png 768w, https:\/\/www.yuibento.ch\/wp-content\/uploads\/2019\/11\/IMG_6439_1-612x408.png 612w, https:\/\/www.yuibento.ch\/wp-content\/uploads\/2019\/11\/IMG_6439_1-720x480.png 720w, https:\/\/www.yuibento.ch\/wp-content\/uploads\/2019\/11\/IMG_6439_1.png 800w\" sizes=\"auto, (max-width: 300px) 100vw, 300px\" \/><\/p>\n<p><strong>Onigirazu (Reis Sandwich) <\/strong><br \/>CHF 6.-<\/p>\n<ul>\n<li>Reis ( Gohan )<\/li>\n<li>Thunfisch mit Mayonnaise<\/li>\n<li>Sushi-Ingwer<\/li>\n<li>Salat<\/li>\n<\/ul>\n<p><img loading=\"lazy\" decoding=\"async\" class=\"size-medium wp-image-319 alignleft\" src=\"https:\/\/www.yuibento.ch\/wp-content\/uploads\/2019\/11\/misodama-300x200.jpg\" alt=\"\" width=\"300\" height=\"200\" srcset=\"https:\/\/www.yuibento.ch\/wp-content\/uploads\/2019\/11\/misodama-300x200.jpg 300w, https:\/\/www.yuibento.ch\/wp-content\/uploads\/2019\/11\/misodama-768x512.jpg 768w, https:\/\/www.yuibento.ch\/wp-content\/uploads\/2019\/11\/misodama-1024x683.jpg 1024w, https:\/\/www.yuibento.ch\/wp-content\/uploads\/2019\/11\/misodama-612x408.jpg 612w, https:\/\/www.yuibento.ch\/wp-content\/uploads\/2019\/11\/misodama-1224x816.jpg 1224w, https:\/\/www.yuibento.ch\/wp-content\/uploads\/2019\/11\/misodama-936x624.jpg 936w, https:\/\/www.yuibento.ch\/wp-content\/uploads\/2019\/11\/misodama-720x480.jpg 720w, https:\/\/www.yuibento.ch\/wp-content\/uploads\/2019\/11\/misodama.jpg 1225w\" sizes=\"auto, (max-width: 300px) 100vw, 300px\" \/><\/p>\n<p><strong>Misodama<\/strong><br \/>CHF 2.-<\/p>\n<p id=\"tw-target-text\" class=\"tw-data-text tw-ta tw-text-small\" dir=\"ltr\" data-placeholder=\"\u7ffb\u8a33\">Misodama ist eine kleine Kugel mit Miso-Paste, gebratenem Gem\u00fcse, Sesam und Algen.<\/p>\n<p>Aufger\u00fchrt in heissem Wasser (ca.200ml) und die Miso Suppe ist fertig!<\/p>\n<p>\u00a0<\/p>\n\n\n<div class=\"everest-forms\"><div class=\"evf-container default\" id=\"evf-292\"><form id=\"evf-form-292\" class=\"everest-form\" data-formid=\"292\" data-ajax_submission=\"0\" data-keyboard_friendly_form=\"0\" data-form_state_type=\"\" method=\"post\" enctype=\"multipart\/form-data\" action=\"\/index.php?rest_route=%2Fwp%2Fv2%2Fpages%2F13\"><div class=\"evf-field-container\"><input type=\"hidden\" id=\"_wpnonce292\" name=\"_wpnonce292\" value=\"90eea1078a\" \/><input type=\"hidden\" name=\"_wp_http_referer\" value=\"\/index.php?rest_route=%2Fwp%2Fv2%2Fpages%2F13\" \/><div class=\"evf-frontend-row\" data-row=\"row_1\" conditional_rules=\"[]\"><div class=\"evf-frontend-grid evf-grid-2\" data-grid=\"grid_1\"><div id=\"evf-292-field_QArUGTKaHA-1-container\" class=\"evf-field evf-field-first-name form-row validate-required\" data-required-field-message=\"This field is required.\" data-field-id=\"QArUGTKaHA-1\"><label class=\"evf-field-label\" for=\"evf-292-field_QArUGTKaHA-1\"><span class=\"evf-label\">Name<\/span> <abbr class=\"required\" title=\"Required\">*<\/abbr><\/label><input type=\"text\" id=\"evf-292-field_QArUGTKaHA-1\" class=\"input-text\" name=\"everest_forms[form_fields][QArUGTKaHA-1]\" required><\/div><div id=\"evf-292-field_LnWvKrtcOy-3-container\" class=\"evf-field evf-field-text form-row validate-required\" data-required-field-message=\"This field is required.\" data-field-id=\"LnWvKrtcOy-3\"><label class=\"evf-field-label\" for=\"evf-292-field_LnWvKrtcOy-3\"><span class=\"evf-label\">Telefon \/ Natel<\/span> <abbr class=\"required\" title=\"Required\">*<\/abbr><\/label><input type=\"text\" id=\"evf-292-field_LnWvKrtcOy-3\" class=\"input-text\" name=\"everest_forms[form_fields][LnWvKrtcOy-3]\" required><\/div><\/div><div class=\"evf-frontend-grid evf-grid-2\" data-grid=\"grid_2\"><div id=\"evf-292-field_mioTgsYh1G-2-container\" class=\"evf-field evf-field-email form-row validate-required validate-email\" data-required-field-message=\"Please enter a valid email address.\" data-field-id=\"mioTgsYh1G-2\"><label class=\"evf-field-label\" for=\"evf-292-field_mioTgsYh1G-2\"><span class=\"evf-label\">Email<\/span> <abbr class=\"required\" title=\"Required\">*<\/abbr><\/label><input type=\"email\" id=\"evf-292-field_mioTgsYh1G-2\" class=\"input-text\" name=\"everest_forms[form_fields][mioTgsYh1G-2]\" required ><\/div><div id=\"evf-292-field_xIX2nZvgC9-9-container\" class=\"evf-field evf-field-text form-row validate-required\" data-required-field-message=\"This field is required.\" data-field-id=\"xIX2nZvgC9-9\"><label class=\"evf-field-label\" for=\"evf-292-field_xIX2nZvgC9-9\"><span class=\"evf-label\">Zeitpunkt der Abholung<\/span> <abbr class=\"required\" title=\"Required\">*<\/abbr><\/label><input type=\"text\" id=\"evf-292-field_xIX2nZvgC9-9\" class=\"input-text\" name=\"everest_forms[form_fields][xIX2nZvgC9-9]\" placeholder=\"z.B 11.11. Montag 11:30\" required><\/div><\/div><\/div><div class=\"evf-frontend-row\" data-row=\"row_2\" conditional_rules=\"[]\"><div class=\"evf-frontend-grid evf-grid-2\" data-grid=\"grid_1\"><div id=\"evf-292-field_o7wBuN5lCO-4-container\" class=\"evf-field evf-field-text form-row\" data-field-id=\"o7wBuN5lCO-4\"><label class=\"evf-field-label\" for=\"evf-292-field_o7wBuN5lCO-4\"><span class=\"evf-label\">Fleisch Bento<\/span> <\/label><input type=\"text\" id=\"evf-292-field_o7wBuN5lCO-4\" class=\"input-text\" name=\"everest_forms[form_fields][o7wBuN5lCO-4]\" placeholder=\"Stk.\" ><\/div><div id=\"evf-292-field_VVdr9DMSCy-6-container\" class=\"evf-field evf-field-text form-row\" data-field-id=\"VVdr9DMSCy-6\"><label class=\"evf-field-label\" for=\"evf-292-field_VVdr9DMSCy-6\"><span class=\"evf-label\">Onigirazu ( Reis Sandwich ) \/ Rinderhackfleisch<\/span> <\/label><input type=\"text\" id=\"evf-292-field_VVdr9DMSCy-6\" class=\"input-text\" name=\"everest_forms[form_fields][VVdr9DMSCy-6]\" placeholder=\"Stk.\" ><\/div><div id=\"evf-292-field_6tJcPfjdL7-8-container\" class=\"evf-field evf-field-text form-row\" data-field-id=\"6tJcPfjdL7-8\"><label class=\"evf-field-label\" for=\"evf-292-field_6tJcPfjdL7-8\"><span class=\"evf-label\">Misodama<\/span> <\/label><input type=\"text\" id=\"evf-292-field_6tJcPfjdL7-8\" class=\"input-text\" name=\"everest_forms[form_fields][6tJcPfjdL7-8]\" placeholder=\"Stk.\" ><\/div><\/div><div class=\"evf-frontend-grid evf-grid-2\" data-grid=\"grid_2\"><div id=\"evf-292-field_nE5CfmCWot-5-container\" class=\"evf-field evf-field-text form-row\" data-field-id=\"nE5CfmCWot-5\"><label class=\"evf-field-label\" for=\"evf-292-field_nE5CfmCWot-5\"><span class=\"evf-label\">Gem\u00fcse Bento<\/span> <\/label><input type=\"text\" id=\"evf-292-field_nE5CfmCWot-5\" class=\"input-text\" name=\"everest_forms[form_fields][nE5CfmCWot-5]\" placeholder=\"Stk.\" ><\/div><div id=\"evf-292-field_tN8yOiPQ4L-7-container\" class=\"evf-field evf-field-text form-row\" data-field-id=\"tN8yOiPQ4L-7\"><label class=\"evf-field-label\" for=\"evf-292-field_tN8yOiPQ4L-7\"><span class=\"evf-label\">Onigirazu ( Reis Sandwich ) \/ Thunfisch<\/span> <\/label><input type=\"text\" id=\"evf-292-field_tN8yOiPQ4L-7\" class=\"input-text\" name=\"everest_forms[form_fields][tN8yOiPQ4L-7]\" placeholder=\"Stk.\" ><\/div><\/div><\/div><\/div><div class=\"evf-honeypot-container evf-field-hp\"><label for=\"evf-292-field-hp\" class=\"evf-field-label\">Website<\/label><input type=\"text\" name=\"everest_forms[hp]\" id=\"evf-292-field-hp\" class=\"input-text\"><\/div><div class=\"evf-submit-container \" ><input type=\"hidden\" name=\"everest_forms[id]\" value=\"292\"><input type=\"hidden\" name=\"everest_forms[author]\" value=\"2\"><button type='submit' name='everest_forms[submit]' class='everest-forms-submit-button button evf-submit ' id='evf-submit-292' value='evf-submit' data-process-text=\"verarbeiten\" conditional_rules='&quot;&quot;' conditional_id='evf-submit-292'  id=\"evf-submit-292\" aria-live=\"assertive\">senden<\/button><\/div><\/form><\/div><!-- .evf-container --><\/div>\n","protected":false},"excerpt":{"rendered":"<p>Weiter m\u00f6chte ich Euch bitten die folgenden weitern Abl\u00e4ufe zu ber\u00fccksichtigen : &#8211; Zahlungen wenn immer m\u00f6glich \u00fcber Twint oder Banktransfer &#8211; Bento-Box wird im Milchkasten deponiert &#8211; Bestellungen bitte jeweils am Vortag bis sp\u00e4testens 18:00 Uhr mit Bestellformular Fleisch Bento CHF 15.- Das Men\u00fc ( f\u00fcr 1 erwachsene Person ) beinhaltet : Reis (&#8230; <a href=\"https:\/\/www.yuibento.ch\/?page_id=13\">Continue reading <span class=\"screen-reader-text\">&#8222;Men\u00fc &#038; Bestellung&#8220;<\/span><\/a><\/p>\n","protected":false},"author":2,"featured_media":0,"parent":12,"menu_order":0,"comment_status":"closed","ping_status":"closed","template":"templates\/centered.php","meta":{"footnotes":""},"class_list":["post-13","page","type-page","status-publish","hentry"],"_links":{"self":[{"href":"https:\/\/www.yuibento.ch\/index.php?rest_route=\/wp\/v2\/pages\/13","targetHints":{"allow":["GET"]}}],"collection":[{"href":"https:\/\/www.yuibento.ch\/index.php?rest_route=\/wp\/v2\/pages"}],"about":[{"href":"https:\/\/www.yuibento.ch\/index.php?rest_route=\/wp\/v2\/types\/page"}],"author":[{"embeddable":true,"href":"https:\/\/www.yuibento.ch\/index.php?rest_route=\/wp\/v2\/users\/2"}],"replies":[{"embeddable":true,"href":"https:\/\/www.yuibento.ch\/index.php?rest_route=%2Fwp%2Fv2%2Fcomments&post=13"}],"version-history":[{"count":24,"href":"https:\/\/www.yuibento.ch\/index.php?rest_route=\/wp\/v2\/pages\/13\/revisions"}],"predecessor-version":[{"id":555,"href":"https:\/\/www.yuibento.ch\/index.php?rest_route=\/wp\/v2\/pages\/13\/revisions\/555"}],"up":[{"embeddable":true,"href":"https:\/\/www.yuibento.ch\/index.php?rest_route=\/wp\/v2\/pages\/12"}],"wp:attachment":[{"href":"https:\/\/www.yuibento.ch\/index.php?rest_route=%2Fwp%2Fv2%2Fmedia&parent=13"}],"curies":[{"name":"wp","href":"https:\/\/api.w.org\/{rel}","templated":true}]}}