{"id":115,"date":"2019-11-04T13:08:52","date_gmt":"2019-11-04T13:08:52","guid":{"rendered":"http:\/\/www.yuibentotest.ch\/?page_id=115"},"modified":"2019-11-04T13:08:52","modified_gmt":"2019-11-04T13:08:52","slug":"uber-yuibento-2","status":"publish","type":"page","link":"https:\/\/www.yuibento.ch\/?page_id=115","title":{"rendered":"\u00dcBER YUIBENTO"},"content":{"rendered":"\n<h4 class=\"wp-block-heading\">was ist &#8222;bento&#8220;?<\/h4>\n\n\n\n<p>Bento ist ein &#8222;Ein-Portionen-Takeaway&#8220; oder hausgemachtes Gericht aus der japanischen K\u00fcche.<br>Ein traditionelles Bento enth\u00e4lt Reis, Fisch oder Fleisch, eingelegtes oder gekochtes Gem\u00fcse, meist angerichtet in einer Lunchbox.<\/p>\n\n\n\n<h4 class=\"wp-block-heading\">was ist &#8222;yuibento&#8220;?<\/h4>\n\n\n\n<p>Als yuibento bezeichnet man das t\u00e4glich hausgemachte, japanische Gericht in einer Box.<br>Bento wird oft zum Mittagessen verspiesen. <\/p>\n\n\n\n<p>Ich\n erinnere mich, dass meine Mutter jeweils fr\u00fcher als jedes andere \nFamilienmitglied aufstand ist und f\u00fcr mich jeden Tag ein Bento \nvorbereitete.&nbsp; <\/p>\n\n\n\n<p>Die Erinnerungen aus meiner Kindheit und der Geschmack des Bento von meiner Mutter m\u00f6chte ich weiter f\u00fchren und aufrecht erhalten.<br>&#8222;Yui&#8220;\n auf Japanisch schreiben wir &#8222;\u7d50&#8220;. Es bedeutet binden, verbinden oder \nsich mit den H\u00e4nden verbinden. Nicht zuletzt ist dies auch Teil meines \nNamens.<br>F\u00fcr \nmeine K\u00fcche w\u00fcnsche ich mir, dass sie Personen verbindet und ich meine \nbeiden Lieblingsl\u00e4nder etwas n\u00e4her zusammen bringen kann. <br><\/p>\n","protected":false},"excerpt":{"rendered":"<p>was ist &#8222;bento&#8220;? Bento ist ein &#8222;Ein-Portionen-Takeaway&#8220; oder hausgemachtes Gericht aus der japanischen K\u00fcche.Ein traditionelles Bento enth\u00e4lt Reis, Fisch oder Fleisch, eingelegtes oder gekochtes Gem\u00fcse, meist angerichtet in einer Lunchbox. was ist &#8222;yuibento&#8220;? Als yuibento bezeichnet man das t\u00e4glich hausgemachte, japanische Gericht in einer Box.Bento wird oft zum Mittagessen verspiesen. Ich erinnere mich, dass meine&#8230; <a href=\"https:\/\/www.yuibento.ch\/?page_id=115\">Continue reading <span class=\"screen-reader-text\">&#8222;\u00dcBER YUIBENTO&#8220;<\/span><\/a><\/p>\n","protected":false},"author":2,"featured_media":0,"parent":12,"menu_order":0,"comment_status":"closed","ping_status":"closed","template":"templates\/fullwidth.php","meta":{"footnotes":""},"class_list":["post-115","page","type-page","status-publish","hentry"],"_links":{"self":[{"href":"https:\/\/www.yuibento.ch\/index.php?rest_route=\/wp\/v2\/pages\/115","targetHints":{"allow":["GET"]}}],"collection":[{"href":"https:\/\/www.yuibento.ch\/index.php?rest_route=\/wp\/v2\/pages"}],"about":[{"href":"https:\/\/www.yuibento.ch\/index.php?rest_route=\/wp\/v2\/types\/page"}],"author":[{"embeddable":true,"href":"https:\/\/www.yuibento.ch\/index.php?rest_route=\/wp\/v2\/users\/2"}],"replies":[{"embeddable":true,"href":"https:\/\/www.yuibento.ch\/index.php?rest_route=%2Fwp%2Fv2%2Fcomments&post=115"}],"version-history":[{"count":0,"href":"https:\/\/www.yuibento.ch\/index.php?rest_route=\/wp\/v2\/pages\/115\/revisions"}],"up":[{"embeddable":true,"href":"https:\/\/www.yuibento.ch\/index.php?rest_route=\/wp\/v2\/pages\/12"}],"wp:attachment":[{"href":"https:\/\/www.yuibento.ch\/index.php?rest_route=%2Fwp%2Fv2%2Fmedia&parent=115"}],"curies":[{"name":"wp","href":"https:\/\/api.w.org\/{rel}","templated":true}]}}